{"id":3459,"date":"2025-06-16T15:01:02","date_gmt":"2025-06-16T15:01:02","guid":{"rendered":"https:\/\/oplus-surveillance.ma\/?page_id=3459"},"modified":"2025-06-19T17:17:36","modified_gmt":"2025-06-19T17:17:36","slug":"mentions-legales","status":"publish","type":"page","link":"https:\/\/oplus-surveillance.ma\/en\/mentions-legales\/","title":{"rendered":"Legal Notice"},"content":{"rendered":"<div data-elementor-type=\"wp-page\" data-elementor-id=\"3459\" class=\"elementor elementor-3459\">\n\t\t\t\t<div data-ka-cursor-size=\"1\" class=\"elementor-element elementor-element-327d1e5 e-flex e-con-boxed wpr-particle-no wpr-jarallax-no wpr-parallax-no wpr-sticky-section-no e-con e-parent\" data-id=\"327d1e5\" data-element_type=\"container\" data-settings=\"{&quot;kng_cursor_interaction&quot;:&quot;default&quot;,&quot;kng_cursor_magnetic&quot;:&quot;none&quot;,&quot;kng_cursor_size_multiplier&quot;:{&quot;unit&quot;:&quot;px&quot;,&quot;size&quot;:1,&quot;sizes&quot;:[]}}\">\n\t\t\t\t\t<div class=\"e-con-inner\">\n\t\t\t\t<div data-ka-cursor-size=\"1\" class=\"elementor-element elementor-element-fa2f646 elementor-widget elementor-widget-html\" data-id=\"fa2f646\" data-element_type=\"widget\" data-settings=\"{&quot;kng_cursor_interaction&quot;:&quot;default&quot;,&quot;kng_cursor_magnetic&quot;:&quot;none&quot;,&quot;kng_cursor_size_multiplier&quot;:{&quot;unit&quot;:&quot;px&quot;,&quot;size&quot;:1,&quot;sizes&quot;:[]}}\" data-widget_type=\"html.default\">\n\t\t\t\t<div class=\"elementor-widget-container\">\n\t\t\t\t\t<div class=\"ml-container\">\n  <div class=\"ml-header ml-fade-in\">\n    <h1>Mentions L\u00e9gales<\/h1>\n    <p class=\"ml-subtitle\">Informations l\u00e9gales et conditions d'utilisation du site<\/p>\n  <\/div>\n\n  <div class=\"ml-content ml-fade-in\">\n    <div class=\"ml-intro\">\n      <p>\n        Conform\u00e9ment aux dispositions des articles 6-III et 19 de la Loi n\u00b02004-575 du 21 juin 2004 pour la Confiance dans l\u2019\u00e9conomie num\u00e9rique, il est pr\u00e9cis\u00e9 aux utilisateurs du site <span class=\"ml-highlight\">oplus-services.com<\/span> l\u2019identit\u00e9 des diff\u00e9rents intervenants dans le cadre de sa r\u00e9alisation et de son suivi.\n      <\/p>\n    <\/div>\n\n    <!-- 1. \u00c9diteur du site -->\n    <div class=\"ml-section\">\n      <h2>1. \u00c9diteur du site<\/h2>\n      <p>Le site <span class=\"ml-highlight\">oplus-services.com<\/span> est \u00e9dit\u00e9 par :<\/p>\n      <div class=\"ml-company-info\">\n        <p><strong>O Plus Services<\/strong><\/p>\n        <p>Soci\u00e9t\u00e9 certifi\u00e9e ISO 9001 v2015<\/p>\n        <p>N\u00b0 CN : 01 100 2315390<\/p>\n        <p>Adresse : 2e \u00e9tage, N\u00b09, Gu\u00e9liz Route de la 4\u00e8me DMM, Camp militaire, Imm Stavroula, Marrakech, Maroc<\/p>\n        <p>T\u00e9l\u00e9phone : +212 8 08 55 58 31<\/p>\n        <p>Email : directions@oplus-services.com<\/p>\n      <\/div>\n    <\/div>\n\n    <!-- 2. Directeur de la publication -->\n    <div class=\"ml-section\">\n      <h2>2. Directeur de la publication<\/h2>\n      <p>Responsable de la publication : <strong>Amine EL KHALFI<\/strong><\/p>\n    <\/div>\n\n    <!-- 3. H\u00e9bergement du site -->\n<div class=\"ml-section\">\n  <h2>3. H\u00e9bergement du site<\/h2>\n  <p>Le site est h\u00e9berg\u00e9 par :<\/p>\n  <div class=\"ml-company-info\">\n    <p><strong>Nindohost<\/strong><\/p>\n    <p>Adresse : 14 Rue Ibnou Katir, Appt 2, 1er \u00e9tage<\/p>\n    <p>R\u00e9sidence Salama, Maarif, Casablanca, Maroc<\/p>\n    <p>Site : <a href=\"https:\/\/www.nindohost.ma\" target=\"_blank\">https:\/\/www.nindohost.ma<\/a><\/p>\n  <\/div>\n<\/div>\n\n\n    <!-- 4. Conception et d\u00e9veloppement -->\n    <div class=\"ml-section\">\n      <h2>4. Conception et d\u00e9veloppement<\/h2>\n      <p>Le site a \u00e9t\u00e9 con\u00e7u et d\u00e9velopp\u00e9 par :<\/p>\n      <div class=\"ml-company-info\">\n        <p><strong>Communik Agency<\/strong><\/p>\n        <p>Agence de communication cr\u00e9ative bas\u00e9e \u00e0 Marrakech et Paris<\/p>\n        <p>T\u00e9l\u00e9phone : +212 7 83 44 31 73<\/p>\n        <p>Email : contact@communik-agency.ma<\/p>\n        <p>Site web : <a href=\"https:\/\/communik-agency.ma\" target=\"_blank\">https:\/\/communik-agency.ma<\/a><\/p>\n      <\/div>\n    <\/div>\n\n    <!-- 5. Propri\u00e9t\u00e9 intellectuelle -->\n    <div class=\"ml-section\">\n      <h2>5. Propri\u00e9t\u00e9 intellectuelle<\/h2>\n      <p>\n        Tous les \u00e9l\u00e9ments pr\u00e9sents sur le site <span class=\"ml-highlight\">oplus-services.com<\/span>, notamment les textes, images, graphismes, logo, ic\u00f4nes, sons, logiciels, sont la propri\u00e9t\u00e9 exclusive de O Plus Services, sauf mentions contraires, et sont prot\u00e9g\u00e9s au titre de la propri\u00e9t\u00e9 intellectuelle.\n        Toute reproduction ou utilisation sans autorisation est strictement interdite.\n      <\/p>\n    <\/div>\n\n    <!-- 6. Donn\u00e9es personnelles -->\n    <div class=\"ml-section\">\n      <h2>6. Donn\u00e9es personnelles<\/h2>\n      <p>\n        Conform\u00e9ment \u00e0 la loi n\u00b009-08 relative \u00e0 la protection des personnes physiques \u00e0 l\u2019\u00e9gard du traitement des donn\u00e9es \u00e0 caract\u00e8re personnel, vous disposez d\u2019un droit d\u2019acc\u00e8s, de rectification et d\u2019opposition aux donn\u00e9es vous concernant.\n      <\/p>\n      <p>Pour toute demande, adressez-vous \u00e0 : <a href=\"mailto:directions@oplus-services.com\">directions@oplus-services.com<\/a><\/p>\n    <\/div>\n\n    <!-- 7. Cookies -->\n    <div class=\"ml-section\">\n      <h2>7. Cookies<\/h2>\n      <p>\n        Le site peut \u00eatre amen\u00e9 \u00e0 utiliser des cookies pour am\u00e9liorer l\u2019exp\u00e9rience utilisateur. L'utilisateur peut configurer son navigateur pour les refuser ou les supprimer.\n      <\/p>\n    <\/div>\n\n    <!-- 8. Limitation de responsabilit\u00e9 -->\n    <div class=\"ml-section\">\n      <h2>8. Limitation de responsabilit\u00e9<\/h2>\n      <p>\n        O Plus Services s'efforce d'assurer l'exactitude des informations diffus\u00e9es sur son site. Toutefois, elle ne saurait \u00eatre tenue responsable des omissions, inexactitudes ou carences dans la mise \u00e0 jour.\n      <\/p>\n    <\/div>\n  <\/div>\n<\/div>\n\t\t\t\t<\/div>\n\t\t\t\t<\/div>\n\t\t\t\t\t<\/div>\n\t\t\t\t<\/div>\n\t\t\t\t<\/div>","protected":false},"excerpt":{"rendered":"<p>Mentions L\u00e9gales Informations l\u00e9gales et conditions d&rsquo;utilisation du site Conform\u00e9ment aux dispositions des articles 6-III et 19 de la Loi n\u00b02004-575 du 21 juin 2004 pour la Confiance dans l\u2019\u00e9conomie num\u00e9rique, il est pr\u00e9cis\u00e9 aux utilisateurs du site oplus-services.com l\u2019identit\u00e9 des diff\u00e9rents intervenants dans le cadre de sa r\u00e9alisation et de son suivi. 1. \u00c9diteur du site Le site oplus-services.com est \u00e9dit\u00e9 par : O Plus Services Soci\u00e9t\u00e9 certifi\u00e9e ISO 9001 v2015 N\u00b0 CN : 01 100 2315390 Adresse : 2e \u00e9tage, N\u00b09, Gu\u00e9liz Route de la 4\u00e8me DMM, Camp militaire, Imm Stavroula, Marrakech, Maroc T\u00e9l\u00e9phone : +212 8 08 55 58 31 Email : directions@oplus-services.com 2. Directeur de la publication Responsable de la publication : Amine EL KHALFI 3. H\u00e9bergement du site Le site est h\u00e9berg\u00e9 par : Nindohost Adresse : 14 Rue Ibnou Katir, Appt 2, 1er \u00e9tage R\u00e9sidence Salama, Maarif, Casablanca, Maroc Site : https:\/\/www.nindohost.ma 4. Conception et d\u00e9veloppement Le site a \u00e9t\u00e9 con\u00e7u et d\u00e9velopp\u00e9 par : Communik Agency Agence de communication cr\u00e9ative bas\u00e9e \u00e0 Marrakech et Paris T\u00e9l\u00e9phone : +212 7 83 44 31 73 Email : contact@communik-agency.ma Site web : https:\/\/communik-agency.ma 5. Propri\u00e9t\u00e9 intellectuelle Tous les \u00e9l\u00e9ments pr\u00e9sents sur le site oplus-services.com, notamment les textes, images, graphismes, logo, ic\u00f4nes, sons, logiciels, sont la propri\u00e9t\u00e9 exclusive de O Plus Services, sauf mentions contraires, et sont prot\u00e9g\u00e9s au titre de la propri\u00e9t\u00e9 intellectuelle. Toute reproduction ou utilisation sans autorisation est strictement interdite. 6. Donn\u00e9es personnelles Conform\u00e9ment \u00e0 la loi n\u00b009-08 relative \u00e0 la protection des personnes physiques \u00e0 l\u2019\u00e9gard du traitement des donn\u00e9es \u00e0 caract\u00e8re personnel, vous disposez d\u2019un droit d\u2019acc\u00e8s, de rectification et d\u2019opposition aux donn\u00e9es vous concernant. Pour toute demande, adressez-vous \u00e0 : directions@oplus-services.com 7. Cookies Le site peut \u00eatre amen\u00e9 \u00e0 utiliser des cookies pour am\u00e9liorer l\u2019exp\u00e9rience utilisateur. L&rsquo;utilisateur peut configurer son navigateur pour les refuser ou les supprimer. 8. Limitation de responsabilit\u00e9 O Plus Services s&rsquo;efforce d&rsquo;assurer l&rsquo;exactitude des informations diffus\u00e9es sur son site. Toutefois, elle ne saurait \u00eatre tenue responsable des omissions, inexactitudes ou carences dans la mise \u00e0 jour.<\/p>","protected":false},"author":1,"featured_media":0,"parent":0,"menu_order":0,"comment_status":"closed","ping_status":"closed","template":"","meta":{"om_disable_all_campaigns":false,"inline_featured_image":false,"_uag_custom_page_level_css":"","_monsterinsights_skip_tracking":false,"_monsterinsights_sitenote_active":false,"_monsterinsights_sitenote_note":"","_monsterinsights_sitenote_category":0,"site-sidebar-layout":"no-sidebar","site-content-layout":"","ast-site-content-layout":"full-width-container","site-content-style":"default","site-sidebar-style":"default","ast-global-header-display":"","ast-banner-title-visibility":"","ast-main-header-display":"","ast-hfb-above-header-display":"","ast-hfb-below-header-display":"","ast-hfb-mobile-header-display":"","site-post-title":"disabled","ast-breadcrumbs-content":"","ast-featured-img":"disabled","footer-sml-layout":"","theme-transparent-header-meta":"","adv-header-id-meta":"","stick-header-meta":"","header-above-stick-meta":"","header-main-stick-meta":"","header-below-stick-meta":"","astra-migrate-meta-layouts":"default","ast-page-background-enabled":"default","ast-page-background-meta":{"desktop":{"background-color":"var(--ast-global-color-4)","background-image":"","background-repeat":"repeat","background-position":"center center","background-size":"auto","background-attachment":"scroll","background-type":"","background-media":"","overlay-type":"","overlay-color":"","overlay-opacity":"","overlay-gradient":""},"tablet":{"background-color":"","background-image":"","background-repeat":"repeat","background-position":"center center","background-size":"auto","background-attachment":"scroll","background-type":"","background-media":"","overlay-type":"","overlay-color":"","overlay-opacity":"","overlay-gradient":""},"mobile":{"background-color":"","background-image":"","background-repeat":"repeat","background-position":"center center","background-size":"auto","background-attachment":"scroll","background-type":"","background-media":"","overlay-type":"","overlay-color":"","overlay-opacity":"","overlay-gradient":""}},"ast-content-background-meta":{"desktop":{"background-color":"var(--ast-global-color-5)","background-image":"","background-repeat":"repeat","background-position":"center center","background-size":"auto","background-attachment":"scroll","background-type":"","background-media":"","overlay-type":"","overlay-color":"","overlay-opacity":"","overlay-gradient":""},"tablet":{"background-color":"var(--ast-global-color-5)","background-image":"","background-repeat":"repeat","background-position":"center center","background-size":"auto","background-attachment":"scroll","background-type":"","background-media":"","overlay-type":"","overlay-color":"","overlay-opacity":"","overlay-gradient":""},"mobile":{"background-color":"var(--ast-global-color-5)","background-image":"","background-repeat":"repeat","background-position":"center center","background-size":"auto","background-attachment":"scroll","background-type":"","background-media":"","overlay-type":"","overlay-color":"","overlay-opacity":"","overlay-gradient":""}},"_joinchat":[],"footnotes":""},"class_list":["post-3459","page","type-page","status-publish","hentry"],"aioseo_notices":[],"uagb_featured_image_src":{"full":false,"thumbnail":false,"medium":false,"medium_large":false,"large":false,"1536x1536":false,"2048x2048":false,"trp-custom-language-flag":false},"uagb_author_info":{"display_name":"contact@communik-agency.com","author_link":"https:\/\/oplus-surveillance.ma\/en\/author\/contactcommunik-agency-com\/"},"uagb_comment_info":0,"uagb_excerpt":"Mentions L\u00e9gales Informations l\u00e9gales et conditions d&rsquo;utilisation du site Conform\u00e9ment aux dispositions des articles 6-III et 19 de la Loi n\u00b02004-575 du 21 juin 2004 pour la Confiance dans l\u2019\u00e9conomie num\u00e9rique, il est pr\u00e9cis\u00e9 aux utilisateurs du site oplus-services.com l\u2019identit\u00e9 des diff\u00e9rents intervenants dans le cadre de sa r\u00e9alisation et de son suivi. 1. \u00c9diteur&hellip;","_links":{"self":[{"href":"https:\/\/oplus-surveillance.ma\/en\/wp-json\/wp\/v2\/pages\/3459","targetHints":{"allow":["GET"]}}],"collection":[{"href":"https:\/\/oplus-surveillance.ma\/en\/wp-json\/wp\/v2\/pages"}],"about":[{"href":"https:\/\/oplus-surveillance.ma\/en\/wp-json\/wp\/v2\/types\/page"}],"author":[{"embeddable":true,"href":"https:\/\/oplus-surveillance.ma\/en\/wp-json\/wp\/v2\/users\/1"}],"replies":[{"embeddable":true,"href":"https:\/\/oplus-surveillance.ma\/en\/wp-json\/wp\/v2\/comments?post=3459"}],"version-history":[{"count":52,"href":"https:\/\/oplus-surveillance.ma\/en\/wp-json\/wp\/v2\/pages\/3459\/revisions"}],"predecessor-version":[{"id":5265,"href":"https:\/\/oplus-surveillance.ma\/en\/wp-json\/wp\/v2\/pages\/3459\/revisions\/5265"}],"wp:attachment":[{"href":"https:\/\/oplus-surveillance.ma\/en\/wp-json\/wp\/v2\/media?parent=3459"}],"curies":[{"name":"wp","href":"https:\/\/api.w.org\/{rel}","templated":true}]}}