{"id":26,"date":"2025-06-05T13:16:03","date_gmt":"2025-06-05T13:16:03","guid":{"rendered":"https:\/\/oplus-surveillance.ma\/contact\/"},"modified":"2025-07-21T15:16:20","modified_gmt":"2025-07-21T15:16:20","slug":"notre-equipe","status":"publish","type":"page","link":"https:\/\/oplus-surveillance.ma\/en\/notre-equipe\/","title":{"rendered":"Our Team"},"content":{"rendered":"<div data-elementor-type=\"wp-page\" data-elementor-id=\"26\" class=\"elementor elementor-26\">\n\t\t\t\t<div data-ka-cursor-size=\"1\" class=\"elementor-element elementor-element-8f3bcec e-flex e-con-boxed wpr-particle-no wpr-jarallax-no wpr-parallax-no wpr-sticky-section-no e-con e-parent\" data-id=\"8f3bcec\" data-element_type=\"container\" data-settings=\"{&quot;kng_cursor_interaction&quot;:&quot;default&quot;,&quot;kng_cursor_magnetic&quot;:&quot;none&quot;,&quot;kng_cursor_size_multiplier&quot;:{&quot;unit&quot;:&quot;px&quot;,&quot;size&quot;:1,&quot;sizes&quot;:[]}}\">\n\t\t\t\t\t<div class=\"e-con-inner\">\n\t\t\t\t<div data-ka-cursor-size=\"1\" class=\"elementor-element elementor-element-49582b4 elementor-widget elementor-widget-html\" data-id=\"49582b4\" data-element_type=\"widget\" data-settings=\"{&quot;kng_cursor_interaction&quot;:&quot;default&quot;,&quot;kng_cursor_magnetic&quot;:&quot;none&quot;,&quot;kng_cursor_size_multiplier&quot;:{&quot;unit&quot;:&quot;px&quot;,&quot;size&quot;:1,&quot;sizes&quot;:[]}}\" data-widget_type=\"html.default\">\n\t\t\t\t<div class=\"elementor-widget-container\">\n\t\t\t\t\t<section class=\"team-section\">\n  <div class=\"team-container\">\n    <h2 class=\"team-title\">Our Team<\/h2>\n    <p class=\"team-description\">\nOplus Surveillance is above all a structured, responsive, and committed team at your service. Our management team ensures rigorous oversight, while our team leaders supervise more than 300 qualified agents in the field. Equipped with appropriate gear, our agents intervene daily with professionalism and efficiency to guarantee your security.\n\nThe management team is made up of strategic and complementary profiles.\n    <\/p>\n    <p class=\"team-subtitle\">\n      The management team is composed of strategic and complementary profiles:\n    <\/p>\n\n    <div class=\"team-grid\">\n      <!-- Membre 1 -->\n      <div class=\"team-member\">\n        <img decoding=\"async\" src=\"\/wp-content\/uploads\/2025\/06\/Amine.png\" alt=\"Amine El Khalfi\">\n        <p class=\"team-position\">Chief Executive Officer<\/p>\n        <h4 class=\"team-name\">Amine El Khalfi<\/h4>\n      <\/div>\n\n      <!-- Membre 2 -->\n      <div class=\"team-member\">\n        <img decoding=\"async\" src=\"\/wp-content\/uploads\/2025\/06\/khalid.png\" alt=\"Khalid Belkfin\">\n        <p class=\"team-position\">Operations Manager<\/p>\n        <h4 class=\"team-name\">Khalid Belfkih<\/h4>\n      <\/div>\n\n      <!-- Membre 3 -->\n      <div class=\"team-member\">\n        <img decoding=\"async\" src=\"\/wp-content\/uploads\/2025\/06\/mohamed_ab.png\" alt=\"Mohamed Aboulilat\">\n        <p class=\"team-position\">Chief Financial Officer<\/p>\n        <h4 class=\"team-name\">Mohamed Aboullait<\/h4>\n      <\/div>\n\n      <!-- Membre 4 -->\n      <div class=\"team-member\">\n        <img decoding=\"async\" src=\"\/wp-content\/uploads\/2025\/06\/khadija.png\" alt=\"Khadija El Aini\">\n        <p class=\"team-position\">Executive Assistant<\/p>\n        <h4 class=\"team-name\">Khadija El Aini<\/h4>\n      <\/div>\n\n      <!-- Membre 5 -->\n      <div class=\"team-member\">\n        <img decoding=\"async\" src=\"\/wp-content\/uploads\/2025\/06\/nouhaila.png\" alt=\"Nouhaila Alilali\">\n        <p class=\"team-position\">Accountant<\/p>\n        <h4 class=\"team-name\">Nouhaila Allali<\/h4>\n      <\/div>\n\n      <!-- Membre 6 -->\n      <div class=\"team-member\">\n        <img decoding=\"async\" src=\"\/wp-content\/uploads\/2025\/06\/dounia.png\" alt=\"Donia Beskri\">\n        <p class=\"team-position\">Secretary in Casablanca<\/p>\n        <h4 class=\"team-name\">Donia Beskri<\/h4>\n      <\/div>\n\n      <!-- Membre 7 -->\n      <div class=\"team-member\">\n        <img decoding=\"async\" src=\"\/wp-content\/uploads\/2025\/06\/adile.png\" alt=\"Adil Raki\">\n        <p class=\"team-position\">Coordinator for Casablanca and Surrounding Areas<\/p>\n        <h4 class=\"team-name\">Adil Raki<\/h4>\n      <\/div>\n\n      <!-- Membre 8 -->\n      <div class=\"team-member\">\n        <img decoding=\"async\" src=\"\/wp-content\/uploads\/2025\/06\/mohamed_ben.png\" alt=\"Mohamed Benhaddou\">\n        <p class=\"team-position\">Coordinator for the Gharb Area<\/p>\n        <h4 class=\"team-name\">Mohamed Benhaddou<\/h4>\n      <\/div>\n    <\/div>\n  <\/div>\n<\/section>\n\t\t\t\t<\/div>\n\t\t\t\t<\/div>\n\t\t\t\t\t<\/div>\n\t\t\t\t<\/div>\n\t\t\t\t<\/div>","protected":false},"excerpt":{"rendered":"<p>Notre \u00e9quipe Oplus Surveillance, c\u2019est avant tout une \u00e9quipe structur\u00e9e, r\u00e9active et engag\u00e9e \u00e0 votre service. Notre \u00e9quipe manag\u00e9riale assure une gestion rigoureuse, tandis que nos chefs d\u2019\u00e9quipe encadrent plus de 300 agents qualifi\u00e9s sur le terrain. \u00c9quip\u00e9s de mat\u00e9riel adapt\u00e9, nos agents interviennent chaque jour avec s\u00e9rieux et efficacit\u00e9 pour garantir votre s\u00e9curit\u00e9. L\u2019\u00e9quipe manag\u00e9riale est constitu\u00e9e de profils strat\u00e9giques et\u00a0compl\u00e9mentaires L\u2019\u00e9quipe manag\u00e9riale est constitu\u00e9e de profils strat\u00e9giques et compl\u00e9mentaires : Pr\u00e9sident directeur g\u00e9n\u00e9ral Amine El Khalfi Responsable d&rsquo;\u00e9xploitation Khalid Belfkih Directeur administratif et financier Mohamed Aboullait Assistante de direction Khadija El Aini Comptable Nouhaila Allali Secr\u00e9taire Casablanca Donia Beskri Coordinateur Casablanca et alentours Adil Raki Coordinateur zone Gharb Mohamed Benhaddou<\/p>","protected":false},"author":1,"featured_media":0,"parent":0,"menu_order":0,"comment_status":"closed","ping_status":"closed","template":"","meta":{"om_disable_all_campaigns":false,"inline_featured_image":false,"_uag_custom_page_level_css":"","_monsterinsights_skip_tracking":false,"_monsterinsights_sitenote_active":false,"_monsterinsights_sitenote_note":"","_monsterinsights_sitenote_category":0,"site-sidebar-layout":"default","site-content-layout":"","ast-site-content-layout":"full-width-container","site-content-style":"default","site-sidebar-style":"default","ast-global-header-display":"","ast-banner-title-visibility":"","ast-main-header-display":"","ast-hfb-above-header-display":"","ast-hfb-below-header-display":"","ast-hfb-mobile-header-display":"","site-post-title":"disabled","ast-breadcrumbs-content":"","ast-featured-img":"","footer-sml-layout":"","theme-transparent-header-meta":"enabled","adv-header-id-meta":"","stick-header-meta":"","header-above-stick-meta":"","header-main-stick-meta":"","header-below-stick-meta":"","astra-migrate-meta-layouts":"default","ast-page-background-enabled":"default","ast-page-background-meta":{"desktop":{"background-color":"var(--ast-global-color-4)","background-image":"","background-repeat":"repeat","background-position":"center center","background-size":"auto","background-attachment":"scroll","background-type":"","background-media":"","overlay-type":"","overlay-color":"","overlay-opacity":"","overlay-gradient":""},"tablet":{"background-color":"","background-image":"","background-repeat":"repeat","background-position":"center center","background-size":"auto","background-attachment":"scroll","background-type":"","background-media":"","overlay-type":"","overlay-color":"","overlay-opacity":"","overlay-gradient":""},"mobile":{"background-color":"","background-image":"","background-repeat":"repeat","background-position":"center center","background-size":"auto","background-attachment":"scroll","background-type":"","background-media":"","overlay-type":"","overlay-color":"","overlay-opacity":"","overlay-gradient":""}},"ast-content-background-meta":{"desktop":{"background-color":"var(--ast-global-color-5)","background-image":"","background-repeat":"repeat","background-position":"center center","background-size":"auto","background-attachment":"scroll","background-type":"","background-media":"","overlay-type":"","overlay-color":"","overlay-opacity":"","overlay-gradient":""},"tablet":{"background-color":"var(--ast-global-color-5)","background-image":"","background-repeat":"repeat","background-position":"center center","background-size":"auto","background-attachment":"scroll","background-type":"","background-media":"","overlay-type":"","overlay-color":"","overlay-opacity":"","overlay-gradient":""},"mobile":{"background-color":"var(--ast-global-color-5)","background-image":"","background-repeat":"repeat","background-position":"center center","background-size":"auto","background-attachment":"scroll","background-type":"","background-media":"","overlay-type":"","overlay-color":"","overlay-opacity":"","overlay-gradient":""}},"_joinchat":[],"footnotes":""},"class_list":["post-26","page","type-page","status-publish","hentry"],"aioseo_notices":[],"uagb_featured_image_src":{"full":false,"thumbnail":false,"medium":false,"medium_large":false,"large":false,"1536x1536":false,"2048x2048":false,"trp-custom-language-flag":false},"uagb_author_info":{"display_name":"contact@communik-agency.com","author_link":"https:\/\/oplus-surveillance.ma\/en\/author\/contactcommunik-agency-com\/"},"uagb_comment_info":0,"uagb_excerpt":"Notre \u00e9quipe Oplus Surveillance, c\u2019est avant tout une \u00e9quipe structur\u00e9e, r\u00e9active et engag\u00e9e \u00e0 votre service. Notre \u00e9quipe manag\u00e9riale assure une gestion rigoureuse, tandis que nos chefs d\u2019\u00e9quipe encadrent plus de 300 agents qualifi\u00e9s sur le terrain. \u00c9quip\u00e9s de mat\u00e9riel adapt\u00e9, nos agents interviennent chaque jour avec s\u00e9rieux et efficacit\u00e9 pour garantir votre s\u00e9curit\u00e9. L\u2019\u00e9quipe&hellip;","_links":{"self":[{"href":"https:\/\/oplus-surveillance.ma\/en\/wp-json\/wp\/v2\/pages\/26","targetHints":{"allow":["GET"]}}],"collection":[{"href":"https:\/\/oplus-surveillance.ma\/en\/wp-json\/wp\/v2\/pages"}],"about":[{"href":"https:\/\/oplus-surveillance.ma\/en\/wp-json\/wp\/v2\/types\/page"}],"author":[{"embeddable":true,"href":"https:\/\/oplus-surveillance.ma\/en\/wp-json\/wp\/v2\/users\/1"}],"replies":[{"embeddable":true,"href":"https:\/\/oplus-surveillance.ma\/en\/wp-json\/wp\/v2\/comments?post=26"}],"version-history":[{"count":408,"href":"https:\/\/oplus-surveillance.ma\/en\/wp-json\/wp\/v2\/pages\/26\/revisions"}],"predecessor-version":[{"id":6235,"href":"https:\/\/oplus-surveillance.ma\/en\/wp-json\/wp\/v2\/pages\/26\/revisions\/6235"}],"wp:attachment":[{"href":"https:\/\/oplus-surveillance.ma\/en\/wp-json\/wp\/v2\/media?parent=26"}],"curies":[{"name":"wp","href":"https:\/\/api.w.org\/{rel}","templated":true}]}}